{"id":996,"date":"2016-02-07T10:05:39","date_gmt":"2016-02-07T10:05:39","guid":{"rendered":"http:\/\/the7.io\/marketing-agency\/?page_id=53"},"modified":"2018-12-04T11:36:59","modified_gmt":"2018-12-04T11:36:59","slug":"contacto","status":"publish","type":"page","link":"https:\/\/eurosigno.com\/en\/contacto\/","title":{"rendered":"Contact"},"content":{"rendered":"<div class=\"vc_row wpb_row vc_row-fluid vc_custom_1524647494981\"><div class=\"wpb_column vc_column_container vc_col-sm-9\"><div class=\"vc_column-inner\"><div class=\"wpb_wrapper\"><h1 id=\"uvc-type-wrap-5574\"  data-ultimate-target='#uvc-type-wrap-5574'  data-responsive-json-new='{\"font-size\":\"desktop:24px;\",\"line-height\":\"\"}'  class=\"uvc-type-wrap  ult-adjust-bottom-margin ult-responsive titular uvc-type-align-left uvc-type-no-prefix uvc-wrap-238827757769e1c55b30434\" style=\"text-align:left;\"><span id=\"typed-238827757769e1c55b30434\" class=\"ultimate-typed-main\" style=\"color:#6780be; font-family:&#039;Playfair Display&#039;;font-weight:normal; text-transform: unset;\"><\/span><script type=\"text\/javascript\"> \n\t\t\t\t\t\tjQuery(function($){ \n\t\t\t\t\t\t\t$(document).ready(function(){\n\t\t\t\t\t\t\t\tif( typeof jQuery(\"#typed-238827757769e1c55b30434\").typed == \"function\"){\n\t\t\t\t\t\t\t\t\t$(\"#typed-238827757769e1c55b30434\").typed({\n\t\t\t\t\t\t\t\t\t\tstrings: [\"CONTACTO\"],\n\t\t\t\t\t\t\t\t\t\ttypeSpeed: 50,\n\t\t\t\t\t\t\t\t\t\tbackSpeed: 0,\n\t\t\t\t\t\t\t\t\t\tstartDelay: 200,\n\t\t\t\t\t\t\t\t\t\tbackDelay: 1500,\n\t\t\t\t\t\t\t\t\t\tloop: false,\n\t\t\t\t\t\t\t\t\t\tloopCount: false,\n\t\t\t\t\t\t\t\t\t\tshowCursor: false,\n\t\t\t\t\t\t\t\t\t\tcursorChar: \"|\",\n\t\t\t\t\t\t\t\t\t\tattr: null\n\t\t\t\t\t\t\t\t\t});\n\t\t\t\t\t\t\t\t}\n\t\t\t\t\t\t\t});\n\t\t\t\t\t\t});\n\t\t\t\t\t<\/script><\/h1><\/div><\/div><\/div><div class=\"wpb_column vc_column_container vc_col-sm-3\"><div class=\"vc_column-inner\"><div class=\"wpb_wrapper\">\n\t<div class=\"wpb_text_column wpb_content_element\" >\n\t\t<div class=\"wpb_wrapper\">\n\t\t\t<p><span style=\"font-size: 10pt;\"><span><span><a href=\"https:\/\/eurosigno.com\/en\/\">Home<\/a><\/span><\/span><\/span><\/p>\n\n\t\t<\/div>\n\t<\/div>\n<\/div><\/div><\/div><\/div><!-- Row Backgrounds --><div class=\"upb_color\" data-bg-override=\"full\" data-bg-color=\"#f8f8f9\" data-fadeout=\"\" data-fadeout-percentage=\"30\" data-parallax-content=\"\" data-parallax-content-sense=\"30\" data-row-effect-mobile-disable=\"true\" data-img-parallax-mobile-disable=\"true\" data-rtl=\"false\"  data-custom-vc-row=\"\"  data-vc=\"6.9.0\"  data-is_old_vc=\"\"  data-theme-support=\"\"   data-overlay=\"false\" data-overlay-color=\"\" data-overlay-pattern=\"\" data-overlay-pattern-opacity=\"\" data-overlay-pattern-size=\"\"    ><\/div><div class=\"vc_row wpb_row vc_row-fluid vc_custom_1524649914363 vc_row-o-content-middle vc_row-flex\"><div class=\"map wpb_column vc_column_container vc_col-sm-8\"><div class=\"vc_column-inner\"><div class=\"wpb_wrapper\"><div class=\"ult-spacer spacer-69e1c55b31dc2\" data-id=\"69e1c55b31dc2\" data-height=\"40\" data-height-mobile=\"5\" data-height-tab=\"40\" data-height-tab-portrait=\"10\" data-height-mobile-landscape=\"5\" style=\"clear:both;display:block;\"><\/div><div class=\"vc_row wpb_row vc_inner vc_row-fluid\"><div class=\"wpb_column vc_column_container vc_col-sm-2\"><div class=\"vc_column-inner\"><div class=\"wpb_wrapper\"><\/div><\/div><\/div><div class=\"wpb_column vc_column_container vc_col-sm-8\"><div class=\"vc_column-inner\"><div class=\"wpb_wrapper\"><div id=\"ultimate-heading-466969e1c55b326cf\" class=\"uvc-heading ult-adjust-bottom-margin ultimate-heading-466969e1c55b326cf uvc-7779  uvc-heading-default-font-sizes\" data-hspacer=\"no_spacer\"  data-halign=\"center\" style=\"text-align:center\"><div class=\"uvc-heading-spacer no_spacer\" style=\"top\"><\/div><div class=\"uvc-sub-heading ult-responsive\"  data-ultimate-target='.uvc-heading.ultimate-heading-466969e1c55b326cf .uvc-sub-heading '  data-responsive-json-new='{\"font-size\":\"desktop:18px;\",\"line-height\":\"\"}'  style=\"font-family:&#039;Playfair Display&#039;;font-style:italic;font-weight:normal;font-style:normal;color:#ffffff;\"><\/p>\n<p style=\"text-align: center;\"><span style=\"font-size: 22pt;\">international@eurosigno.com<\/span><\/p>\n<p><\/div><\/div><\/div><\/div><\/div><div class=\"wpb_column vc_column_container vc_col-sm-2\"><div class=\"vc_column-inner\"><div class=\"wpb_wrapper\"><\/div><\/div><\/div><\/div><div class=\"ult-spacer spacer-69e1c55b328ed\" data-id=\"69e1c55b328ed\" data-height=\"30\" data-height-mobile=\"5\" data-height-tab=\"30\" data-height-tab-portrait=\"10\" data-height-mobile-landscape=\"5\" style=\"clear:both;display:block;\"><\/div><div class=\"vc_row wpb_row vc_inner vc_row-fluid vc_custom_1524649580755\"><div class=\"wpb_column vc_column_container vc_col-sm-6\"><div class=\"vc_column-inner\"><div class=\"wpb_wrapper\"><div class=\"aio-icon-component  vc_custom_1543923416148  accent-icon-bg style_1\"><div id=\"Info-box-wrap-9840\" class=\"aio-icon-box left-icon\" style=\"\"  ><div class=\"aio-icon-left\"><div class=\"ult-just-icon-wrapper\"><div class=\"align-icon\" style=\"text-align:center;\">\n<div class=\"aio-icon circle\" data-animation=\"pulse\" data-animation-delay=\"03\" style=\"color:#ffffff;background:rgba(255,255,255,0.2);font-size:30px;display:inline-block;\">\n\t<i class=\"Defaults-phone\"><\/i>\n<\/div><\/div><\/div><\/div><div class=\"aio-ibd-block\"><div class=\"aio-icon-description ult-responsive\"  data-ultimate-target='#Info-box-wrap-9840 .aio-icon-description'  data-responsive-json-new='{\"font-size\":\"\",\"line-height\":\"\"}'  style=\"font-family:&#039;Open Sans&#039;;color:#ffffff;\"><span class=\"mini-contacts phone show-on-desktop near-logo-first-switch in-menu-second-switch first\"><a href=\"tel:+34944304085\">94 430 40 85<\/a><\/span><\/p>\n<div class=\"soc-ico show-on-desktop near-logo-first-switch in-menu-second-switch accent-bg disabled-border border-off hover-accent-bg hover-custom-border hover-border-on last\"><\/div>\n<p><\/div> <!-- description --><\/div> <!-- aio-ibd-block --><\/div> <!-- aio-icon-box --><\/div> <!-- aio-icon-component --><\/div><\/div><\/div><div class=\"wpb_column vc_column_container vc_col-sm-6\"><div class=\"vc_column-inner\"><div class=\"wpb_wrapper\"><div class=\"aio-icon-component  vc_custom_1524649836073  accent-icon-bg style_1\"><div id=\"Info-box-wrap-3904\" class=\"aio-icon-box left-icon\" style=\"\"  ><div class=\"aio-icon-left\"><div class=\"ult-just-icon-wrapper\"><div class=\"align-icon\" style=\"text-align:center;\">\n<div class=\"aio-icon advanced\" data-animation=\"pulse\" data-animation-delay=\"03\" style=\"color:#ffffff;background:rgba(255,255,255,0.2);border-style:;border-color:#333333;border-width:1px;width:50px;height:50px;line-height:50px;border-radius:500px;font-size:30px;display:inline-block;\">\n\t<i class=\"Defaults-map-marker\"><\/i>\n<\/div><\/div><\/div><\/div><div class=\"aio-ibd-block\"><div class=\"aio-icon-description ult-responsive translation-block\"  data-ultimate-target='#Info-box-wrap-3904 .aio-icon-description'  data-responsive-json-new='{\"font-size\":\"\",\"line-height\":\"\"}'  style=\"color:#ffffff;\">Txakursolo, 23 <br>\n48992 Getxo (Spain)<\/div> <!-- description --><\/div> <!-- aio-ibd-block --><\/div> <!-- aio-icon-box --><\/div> <!-- aio-icon-component --><\/div><\/div><\/div><\/div><div class=\"ult-spacer spacer-69e1c55b330d0\" data-id=\"69e1c55b330d0\" data-height=\"30\" data-height-mobile=\"5\" data-height-tab=\"30\" data-height-tab-portrait=\"10\" data-height-mobile-landscape=\"5\" style=\"clear:both;display:block;\"><\/div><div class=\"wpb_gmaps_widget wpb_content_element\"><div class=\"wpb_wrapper\"><div class=\"wpb_map_wraper\"><iframe src=\"https:\/\/www.google.com\/maps\/embed?pb=!1m18!1m12!1m3!1d2901.5397129686075!2d-3.003823648919558!3d43.344819980232245!2m3!1f0!2f0!3f0!3m2!1i1024!2i768!4f13.1!3m3!1m2!1s0xd4e5bc143a6ce29%3A0xf361c9fe3275f8f4!2sEurosigno+Patentes+Y+Marcas!5e0!3m2!1ses!2ses!4v1517391773357\" width=\"600\" height=\"200\" frameborder=\"0\" style=\"border:0\" allowfullscreen><\/iframe><\/div><\/div><\/div><div class=\"ult-spacer spacer-69e1c55b33504\" data-id=\"69e1c55b33504\" data-height=\"50\" data-height-mobile=\"5\" data-height-tab=\"50\" data-height-tab-portrait=\"10\" data-height-mobile-landscape=\"5\" style=\"clear:both;display:block;\"><\/div><\/div><\/div><\/div><div class=\"Bloque-form-lateral wpb_column vc_column_container vc_col-sm-4 vc_col-has-fill\"><div class=\"vc_column-inner vc_custom_1517302523313\"><div class=\"wpb_wrapper\">\n\t<div class=\"wpb_text_column wpb_content_element  vc_custom_1516882588953\" >\n\t\t<div class=\"wpb_wrapper\">\n\t\t\t<p><strong>ASK US ABOUT YOUR CASE<\/strong><\/p>\n\n\t\t<\/div>\n\t<\/div>\n<div class=\"ult-spacer spacer-69e1c55b3397b\" data-id=\"69e1c55b3397b\" data-height=\"20\" data-height-mobile=\"5\" data-height-tab=\"20\" data-height-tab-portrait=\"20\" data-height-mobile-landscape=\"5\" style=\"clear:both;display:block;\"><\/div><div role=\"form\" class=\"wpcf7\" id=\"wpcf7-f2086-o1\" lang=\"es-ES\" dir=\"ltr\">\n<div class=\"screen-reader-response\"><p role=\"status\" aria-live=\"polite\" aria-atomic=\"true\"><\/p> <ul><\/ul><\/div>\n<form action=\"\/en\/wp-json\/wp\/v2\/pages\/996#wpcf7-f2086-o1\" method=\"post\" class=\"wpcf7-form init\" novalidate=\"novalidate\" data-status=\"init\" data-trp-original-action=\"\/en\/wp-json\/wp\/v2\/pages\/996#wpcf7-f2086-o1\">\n<div style=\"display: none;\">\n<input type=\"hidden\" name=\"_wpcf7\" value=\"2086\" \/>\n<input type=\"hidden\" name=\"_wpcf7_version\" value=\"5.6.4\" \/>\n<input type=\"hidden\" name=\"_wpcf7_locale\" value=\"es_ES\" \/>\n<input type=\"hidden\" name=\"_wpcf7_unit_tag\" value=\"wpcf7-f2086-o1\" \/>\n<input type=\"hidden\" name=\"_wpcf7_container_post\" value=\"0\" \/>\n<input type=\"hidden\" name=\"_wpcf7_posted_data_hash\" value=\"\" \/>\n<input type=\"hidden\" name=\"_wpcf7_recaptcha_response\" value=\"\" \/>\n<\/div>\n<div class=\"form-lateral\"><span class=\"wpcf7-form-control-wrap\" data-name=\"your-name\"><input type=\"text\" name=\"your-name\" value=\"\" size=\"40\" class=\"wpcf7-form-control wpcf7-text wpcf7-validates-as-required\" aria-required=\"true\" aria-invalid=\"false\" placeholder=\"Name (required)\" \/><\/span><br \/>\n<span class=\"wpcf7-form-control-wrap\" data-name=\"your-email\"><input type=\"email\" name=\"your-email\" value=\"\" size=\"40\" class=\"wpcf7-form-control wpcf7-text wpcf7-email wpcf7-validates-as-required wpcf7-validates-as-email\" aria-required=\"true\" aria-invalid=\"false\" placeholder=\"Email (required)\" \/><\/span><br \/>\n<span class=\"wpcf7-form-control-wrap\" data-name=\"tel-841\"><input type=\"tel\" name=\"tel-841\" value=\"\" size=\"40\" class=\"wpcf7-form-control wpcf7-text wpcf7-tel wpcf7-validates-as-required wpcf7-validates-as-tel\" aria-required=\"true\" aria-invalid=\"false\" placeholder=\"Phone (required)\" \/><\/span><br \/>\n<span class=\"wpcf7-form-control-wrap\" data-name=\"your-subject\"><input type=\"text\" name=\"your-subject\" value=\"\" size=\"40\" class=\"wpcf7-form-control wpcf7-text\" aria-invalid=\"false\" placeholder=\"Subject\" \/><\/span><br \/>\n<span class=\"wpcf7-form-control-wrap\" data-name=\"your-message\"><textarea name=\"your-message\" cols=\"40\" rows=\"5\" class=\"wpcf7-form-control wpcf7-textarea\" aria-invalid=\"false\" placeholder=\"Message\"><\/textarea><\/span><\/p>\n<div class=\"terms\"><span class=\"wpcf7-form-control-wrap\" data-name=\"acceptance-831\"><span class=\"wpcf7-form-control wpcf7-acceptance\"><span class=\"wpcf7-list-item\"><input type=\"checkbox\" name=\"acceptance-831\" value=\"1\" aria-invalid=\"false\" \/><\/span><\/span><\/span><span style=\"font-size:14px; color: #9e9fa2; font-family: 'Open Sans';\"> I accept the <\/span><a href=\"https:\/\/eurosigno.com\/en\/aviso-legal\/\" style=\"font-size:14px; color: #9e9fa2;text-decoration:none; font-family: 'Open Sans';\" target=\"_blank\">legal terms and the privacy policy<\/a><\/div>\n<p><input type=\"submit\" value=\"Send\" class=\"wpcf7-form-control has-spinner wpcf7-submit\" \/>\n<\/p><\/div>\n<div class=\"wpcf7-response-output\" aria-hidden=\"true\"><\/div><input type=\"hidden\" name=\"trp-form-language\" value=\"en\"\/><\/form><\/div><\/div><\/div><\/div><\/div><!-- Row Backgrounds --><div class=\"upb_bg_img\" data-ultimate-bg=\"url(https:\/\/eurosigno.com\/wp-content\/uploads\/2018\/01\/eurosigno-quienes-somos-bg.png)\" data-image-id=\"id^2273|url^https:\/\/eurosigno.com\/wp-content\/uploads\/2018\/01\/eurosigno-quienes-somos-bg.png|caption^null|alt^eurosigno-quienes-somos-bg|title^eurosigno-quienes-somos-bg|description^null\" data-ultimate-bg-style=\"vcpb-default\" data-bg-img-repeat=\"no-repeat\" data-bg-img-size=\"cover\" data-bg-img-position=\"\" data-parallx_sense=\"30\" data-bg-override=\"full\" data-bg_img_attach=\"fixed\" data-upb-overlay-color=\"\" data-upb-bg-animation=\"\" data-fadeout=\"\" data-bg-animation=\"left-animation\" data-bg-animation-type=\"h\" data-animation-repeat=\"repeat\" data-fadeout-percentage=\"30\" data-parallax-content=\"\" data-parallax-content-sense=\"30\" data-row-effect-mobile-disable=\"true\" data-img-parallax-mobile-disable=\"true\" data-rtl=\"false\"  data-custom-vc-row=\"\"  data-vc=\"6.9.0\"  data-is_old_vc=\"\"  data-theme-support=\"\"   data-overlay=\"false\" data-overlay-color=\"\" data-overlay-pattern=\"\" data-overlay-pattern-opacity=\"\" data-overlay-pattern-size=\"\"    ><\/div>","protected":false},"excerpt":{"rendered":"<p>Home \u201cPonemos nuestra experiencia a tu disposici\u00f3n\u00bb 94 430 40 85 Txakursolo Kalea, 23, 48992 Algorta, Bizkaia CONS\u00daLTANOS TU CASO Acepto los t\u00e9rminos legales y la pol\u00edtica de privacidad<\/p>","protected":false},"author":2,"featured_media":0,"parent":0,"menu_order":50,"comment_status":"closed","ping_status":"closed","template":"","meta":[],"categories":[],"tags":[],"yoast_head":"<!-- This site is optimized with the Yoast SEO plugin v19.13 - https:\/\/yoast.com\/wordpress\/plugins\/seo\/ -->\n<title>Contacto | Eurosigno Patentes y Marcas, S.L.<\/title>\n<meta name=\"robots\" content=\"index, follow, max-snippet:-1, max-image-preview:large, max-video-preview:-1\" \/>\n<link rel=\"canonical\" href=\"https:\/\/eurosigno.com\/en\/contacto\/\" \/>\n<meta property=\"og:locale\" content=\"en_GB\" \/>\n<meta property=\"og:type\" content=\"article\" \/>\n<meta property=\"og:title\" content=\"Contacto | Eurosigno Patentes y Marcas, S.L.\" \/>\n<meta property=\"og:url\" content=\"https:\/\/eurosigno.com\/en\/contacto\/\" \/>\n<meta property=\"og:site_name\" content=\"Eurosigno Patentes y Marcas, S.L.\" \/>\n<meta property=\"article:modified_time\" content=\"2018-12-04T11:36:59+00:00\" \/>\n<meta name=\"twitter:card\" content=\"summary_large_image\" \/>\n<meta name=\"twitter:label1\" content=\"Estimated reading time\" \/>\n\t<meta name=\"twitter:data1\" content=\"3 minutes\" \/>\n<script type=\"application\/ld+json\" class=\"yoast-schema-graph\">{\"@context\":\"https:\/\/schema.org\",\"@graph\":[{\"@type\":\"WebPage\",\"@id\":\"https:\/\/eurosigno.com\/contacto\/\",\"url\":\"https:\/\/eurosigno.com\/contacto\/\",\"name\":\"Contacto | Eurosigno Patentes y Marcas, S.L.\",\"isPartOf\":{\"@id\":\"https:\/\/eurosigno.com\/#website\"},\"datePublished\":\"2016-02-07T10:05:39+00:00\",\"dateModified\":\"2018-12-04T11:36:59+00:00\",\"breadcrumb\":{\"@id\":\"https:\/\/eurosigno.com\/contacto\/#breadcrumb\"},\"inLanguage\":\"en-GB\",\"potentialAction\":[{\"@type\":\"ReadAction\",\"target\":[\"https:\/\/eurosigno.com\/contacto\/\"]}]},{\"@type\":\"BreadcrumbList\",\"@id\":\"https:\/\/eurosigno.com\/contacto\/#breadcrumb\",\"itemListElement\":[{\"@type\":\"ListItem\",\"position\":1,\"name\":\"Home\",\"item\":\"https:\/\/eurosigno.com\/\"},{\"@type\":\"ListItem\",\"position\":2,\"name\":\"Contacto\"}]},{\"@type\":\"WebSite\",\"@id\":\"https:\/\/eurosigno.com\/#website\",\"url\":\"https:\/\/eurosigno.com\/\",\"name\":\"Eurosigno Patentes y Marcas, S.L.\",\"description\":\"Sitio web de Eurosigno S.L.\",\"potentialAction\":[{\"@type\":\"SearchAction\",\"target\":{\"@type\":\"EntryPoint\",\"urlTemplate\":\"https:\/\/eurosigno.com\/?s={search_term_string}\"},\"query-input\":\"required name=search_term_string\"}],\"inLanguage\":\"en-GB\"}]}<\/script>\n<!-- \/ Yoast SEO plugin. -->","yoast_head_json":{"title":"Contacto | Eurosigno Patentes y Marcas, S.L.","robots":{"index":"index","follow":"follow","max-snippet":"max-snippet:-1","max-image-preview":"max-image-preview:large","max-video-preview":"max-video-preview:-1"},"canonical":"https:\/\/eurosigno.com\/en\/contacto\/","og_locale":"en_GB","og_type":"article","og_title":"Contacto | Eurosigno Patentes y Marcas, S.L.","og_url":"https:\/\/eurosigno.com\/en\/contacto\/","og_site_name":"Eurosigno Patentes y Marcas, S.L.","article_modified_time":"2018-12-04T11:36:59+00:00","twitter_card":"summary_large_image","twitter_misc":{"Estimated reading time":"3 minutes"},"schema":{"@context":"https:\/\/schema.org","@graph":[{"@type":"WebPage","@id":"https:\/\/eurosigno.com\/contacto\/","url":"https:\/\/eurosigno.com\/contacto\/","name":"Contacto | Eurosigno Patentes y Marcas, S.L.","isPartOf":{"@id":"https:\/\/eurosigno.com\/#website"},"datePublished":"2016-02-07T10:05:39+00:00","dateModified":"2018-12-04T11:36:59+00:00","breadcrumb":{"@id":"https:\/\/eurosigno.com\/contacto\/#breadcrumb"},"inLanguage":"en-GB","potentialAction":[{"@type":"ReadAction","target":["https:\/\/eurosigno.com\/contacto\/"]}]},{"@type":"BreadcrumbList","@id":"https:\/\/eurosigno.com\/contacto\/#breadcrumb","itemListElement":[{"@type":"ListItem","position":1,"name":"Home","item":"https:\/\/eurosigno.com\/"},{"@type":"ListItem","position":2,"name":"Contacto"}]},{"@type":"WebSite","@id":"https:\/\/eurosigno.com\/#website","url":"https:\/\/eurosigno.com\/","name":"Eurosigno Patentes y Marcas, S.L.","description":"Sitio web de Eurosigno S.L.","potentialAction":[{"@type":"SearchAction","target":{"@type":"EntryPoint","urlTemplate":"https:\/\/eurosigno.com\/?s={search_term_string}"},"query-input":"required name=search_term_string"}],"inLanguage":"en-GB"}]}},"_links":{"self":[{"href":"https:\/\/eurosigno.com\/en\/wp-json\/wp\/v2\/pages\/996"}],"collection":[{"href":"https:\/\/eurosigno.com\/en\/wp-json\/wp\/v2\/pages"}],"about":[{"href":"https:\/\/eurosigno.com\/en\/wp-json\/wp\/v2\/types\/page"}],"author":[{"embeddable":true,"href":"https:\/\/eurosigno.com\/en\/wp-json\/wp\/v2\/users\/2"}],"replies":[{"embeddable":true,"href":"https:\/\/eurosigno.com\/en\/wp-json\/wp\/v2\/comments?post=996"}],"version-history":[{"count":0,"href":"https:\/\/eurosigno.com\/en\/wp-json\/wp\/v2\/pages\/996\/revisions"}],"wp:attachment":[{"href":"https:\/\/eurosigno.com\/en\/wp-json\/wp\/v2\/media?parent=996"}],"wp:term":[{"taxonomy":"category","embeddable":true,"href":"https:\/\/eurosigno.com\/en\/wp-json\/wp\/v2\/categories?post=996"},{"taxonomy":"post_tag","embeddable":true,"href":"https:\/\/eurosigno.com\/en\/wp-json\/wp\/v2\/tags?post=996"}],"curies":[{"name":"wp","href":"https:\/\/api.w.org\/{rel}","templated":true}]}}