{"id":4663,"date":"2022-11-10T16:34:03","date_gmt":"2022-11-10T16:34:03","guid":{"rendered":"https:\/\/eurosigno.com\/?page_id=4663"},"modified":"2022-11-10T18:20:06","modified_gmt":"2022-11-10T18:20:06","slug":"politica-de-privacidad","status":"publish","type":"page","link":"https:\/\/eurosigno.com\/en\/politica-de-privacidad\/","title":{"rendered":"Politica de Privacidad"},"content":{"rendered":"<div class=\"vc_row wpb_row vc_row-fluid dt-default\" style=\"margin-top: 0px;margin-bottom: 0px\"><div class=\"wpb_column vc_column_container vc_col-sm-12\"><div class=\"vc_column-inner\"><div class=\"wpb_wrapper\"><div class=\"ult-spacer spacer-69f17a8ead0db\" data-id=\"69f17a8ead0db\" data-height=\"50\" data-height-mobile=\"15\" data-height-tab=\"40\" data-height-tab-portrait=\"30\" data-height-mobile-landscape=\"15\" style=\"clear:both;display:block;\"><\/div>\n\t<div class=\"wpb_text_column wpb_content_element\" >\n\t\t<div class=\"wpb_wrapper\">\n\t\t\t<h2>POLITICA DE PRIVACIDAD<\/h2>\n<p>EUROSIGNO Patentes y Marcas, S.L. con direcci\u00f3n en Txakursolo, 23- 48992 Getxo CIF B95308326, tel\u00e9fono 944304085 y correo electr\u00f3nico <a href=\"mailto:info@eurosigno.com\"><strong>international@eurosigno.com<\/strong><\/a>, pone a su disposici\u00f3n la presente informaci\u00f3n concerniente al tratamiento de sus datos personales a fin de que usted tenga conocimiento detallado sobre el tratamiento de sus datos.<\/p>\n<p>Eurosigno trata datos personales suyos para llevar a cabo diversas actividades. As\u00ed, tenemos que los mismos o distintos datos personales suyos pueden ser utilizados de diversas maneras y compartidos con diferentes personas en funci\u00f3n de cada una de las finalidades concretas para las que los necesitemos. A continuaci\u00f3n de proporcionamos informaci\u00f3n detallada sobre cada uno de estos tratamientos de datos que a usted le pueden afectar.<\/p>\n<p>Por favor, lea atentamente esta pol\u00edtica y asegurese de que la entiende y est\u00e1 de acuerdo con ella, antes de facilitarnos sus datos personales. Si no est\u00e1 de acuerdo con la misma, no utilice este sitio web o sus servicios ni nos facilite tus datos. El hecho de acceder a este sitio, usar cualquiera de sus servicios o facilitarnos sus datos, bien sea on line u off line, lo entenderemos como una clara acci\u00f3n afirmativa por la que nos da su consentimiento (cuando sea necesario el mismo) para tratar sus datos para las finalidades que luego se indican.<\/p>\n<p>Si tiene preguntas adicionales o requiere m\u00e1s informaci\u00f3n sobre nuestra Pol\u00edtica de Privacidad, no dude en contactarnos en el mail <a href=\"mailto:info@eurosigno.com\">international@eurosigno.com<\/a><\/p>\n<h2>Consentimiento<\/h2>\n<p>Al utilizar nuestro sitio web, usted acepta nuestra Pol\u00edtica de privacidad y acepta sus t\u00e9rminos.<\/p>\n<h2>Informaci\u00f3n que recopilamos<\/h2>\n<p>Si se ha inscrito a trav\u00e9s del Newsletter, los \u00fanicos datos que se le piden es el Nombre y un correo electronico para el env\u00edo de nuestros Newsletter.<br \/>\nSi se comunica con nosotros directamente, para pedir informaci\u00f3n o consulta sobre nuestros servicios, podemos recibir informaci\u00f3n adicional sobre usted, como su nombre, direcci\u00f3n de correo electr\u00f3nico, n\u00famero de tel\u00e9fono, el contenido del mensaje y\/o los archivos adjuntos que nos env\u00ede, textos, fotos\u00a0 y cualquier otra informaci\u00f3n que elija proporcionar.<\/p>\n<h2 class=\"h3--fix\">Comunicaciones comerciales<\/h2>\n<p>La aportaci\u00f3n de sus datos personales en cualquiera de nuestros formularios de registro, implica tu aceptaci\u00f3n expresa para que podamos enviarte informaci\u00f3n propia o de terceros que entendamos pueda resultarle de inter\u00e9s. El env\u00edo de esta informaci\u00f3n es parte sustancial de nuestro negocio.<\/p>\n<p>No obstante, le recordamos que puede oponerse en todo momento y de forma gratuita al env\u00edo de estas comunicaciones, enviando un correo electr\u00f3nico a la direcci\u00f3n indicada en el punto primero del presente documento.<\/p>\n<h2>C\u00f3mo usamos su informaci\u00f3n<\/h2>\n<p>Usamos la informaci\u00f3n que recopilamos de varias maneras, incluso para:<\/p>\n<ul>\n<li>Proporcionar, operar y mantener nuestro sitio web<\/li>\n<li>Mejorar, personalizar y expandir nuestro sitio web<\/li>\n<li>Comprender y analizar c\u00f3mo utiliza nuestro sitio web<\/li>\n<li>Desarrollar nuevos productos, servicios, caracter\u00edsticas y funcionalidades.<\/li>\n<li>Comunicarnos con usted para brindarle actualizaciones y otra informaci\u00f3n relacionada con el sitio web, y con fines promocionales y de marketing.<\/li>\n<li>Enviarle correos electr\u00f3nicos<\/li>\n<li>Encuentre y prevenga el fraude<\/li>\n<\/ul>\n<h2>Archivos de registro<\/h2>\n<p>EUROSIGNO sigue un procedimiento est\u00e1ndar de uso de archivos de registro. Estos archivos registran a los visitantes cuando visitan sitios web. Todas las empresas de alojamiento hacen esto y forman parte del an\u00e1lisis de los servicios de alojamiento. La informaci\u00f3n recopilada por los archivos de registro incluye direcciones de protocolo de Internet (IP), tipo de navegador, proveedor de servicios de Internet (ISP), marca de fecha y hora, p\u00e1ginas de referencia\/salida y posiblemente la cantidad de clics. Estos no est\u00e1n vinculados a ninguna informaci\u00f3n que sea personalmente identificable. El prop\u00f3sito de la informaci\u00f3n es analizar tendencias, administrar el sitio, rastrear el movimiento de los usuarios en el sitio web y recopilar informaci\u00f3n demogr\u00e1fica.<\/p>\n<h2>Cookies y balizas web<\/h2>\n<p>Como cualquier otro sitio web, EUROSIGNO utiliza \u2018cookies\u2019. Estas cookies se utilizan para almacenar informaci\u00f3n, incluidas las preferencias de los visitantes y las p\u00e1ginas del sitio web a las que accedi\u00f3 o visit\u00f3 el visitante. La informaci\u00f3n se utiliza para optimizar la experiencia de los usuarios al personalizar el contenido de nuestra p\u00e1gina web seg\u00fan el tipo de navegador de los visitantes y\/u otra informaci\u00f3n.<\/p>\n<p>Para obtener m\u00e1s informaci\u00f3n general sobre las cookies, lea\u00a0<a href=\"https:\/\/www.generateprivacypolicy.com\/#cookies\">el art\u00edculo Cookies en el sitio web Generar pol\u00edtica de privacidad<\/a>\u00a0.<\/p>\n<h2>Cookie de DART de Google DoubleClick<\/h2>\n<p>Google es uno de los proveedores externos de nuestro sitio.\u00a0Tambi\u00e9n utiliza cookies, conocidas como cookies de DART, para mostrar anuncios a los visitantes de nuestro sitio en funci\u00f3n de su visita a www.website.com y otros sitios en Internet.\u00a0Sin embargo, los visitantes pueden optar por rechazar el uso de cookies de DART visitando la Pol\u00edtica de privacidad de la red de contenido y anuncios de Google en la siguiente URL:\u00a0<a href=\"https:\/\/policies.google.com\/technologies\/ads\">https:\/\/policies.google.com\/technologies\/ads<\/a><\/p>\n<h2>Nuestros socios publicitarios<\/h2>\n<p>Algunas de las noticias de terceros en nuestro sitio pueden usar cookies y balizas web. Cada uno de nuestros socios publicitarios tiene su propia Pol\u00edtica de privacidad sobre los datos del usuario. Para un acceso m\u00e1s f\u00e1cil, tenemos un hiperv\u00ednculo a sus Pol\u00edticas de privacidad a continuaci\u00f3n.<\/p>\n<p>Google\u00a0<a href=\"https:\/\/policies.google.com\/technologies\/ads\">https:\/\/policies.google.com\/technologies\/ads<\/a><\/p>\n<h2>Pol\u00edticas de privacidad de socios publicitarios<\/h2>\n<p>Los servidores de anuncios o redes publicitarias de terceros utilizan tecnolog\u00edas como cookies, JavaScript o balizas web que se utilizan en sus respectivos anuncios y enlaces que aparecen en EUROSIGNO, que se env\u00edan directamente al navegador de los usuarios. Reciben autom\u00e1ticamente su direcci\u00f3n IP cuando esto ocurre. Estas tecnolog\u00edas se utilizan para medir la efectividad de sus campa\u00f1as publicitarias y\/o para personalizar el contenido publicitario que ve en los sitios web que visita.<\/p>\n<p>Tenga en cuenta que EUROSIGNO no tiene acceso ni control sobre estas cookies que utilizan los anunciantes de terceros.<\/p>\n<h2>Pol\u00edticas de privacidad de terceros<\/h2>\n<p>La Pol\u00edtica de privacidad de EUROSIGNO no se aplica a otros anunciantes o sitios web. Por lo tanto, le recomendamos que consulte las Pol\u00edticas de privacidad respectivas de estos servidores de anuncios de terceros para obtener informaci\u00f3n m\u00e1s detallada. Puede incluir sus pr\u00e1cticas e instrucciones sobre c\u00f3mo excluirse de ciertas opciones.<\/p>\n<p>Puede optar por deshabilitar las cookies a trav\u00e9s de las opciones de su navegador individual.\u00a0Para conocer informaci\u00f3n m\u00e1s detallada sobre la gesti\u00f3n de cookies con navegadores web espec\u00edficos, se puede encontrar en los sitios web respectivos de los navegadores.<\/p>\n<h2>Derechos de protecci\u00f3n de datos RGPD<\/h2>\n<p>Nos gustar\u00eda asegurarnos de que conoce todos sus derechos de protecci\u00f3n de datos.\u00a0Todo usuario tiene derecho a lo siguiente:<\/p>\n<p>-El derecho de acceso: tiene derecho a solicitar copias de sus datos personales.<br \/>\n-El derecho a la rectificaci\u00f3n: tiene derecho a solicitar que corrijamos cualquier informaci\u00f3n que crea que es inexacta. Tambi\u00e9n tiene derecho a solicitar que completemos la informaci\u00f3n que cree que est\u00e1 incompleta.<br \/>\n-El derecho a borrar: tiene derecho a solicitar que eliminemos sus datos personales.<br \/>\n-El derecho a restringir el procesamiento: tiene derecho a solicitar que restrinjamos el procesamiento de sus datos personales.<br \/>\n-El derecho a oponerse al procesamiento: tiene derecho a oponerse a que procesemos sus datos personales.<br \/>\n-El derecho a la portabilidad de datos: tiene derecho a solicitar que transfiramos los datos que hemos recopilado a otra organizaci\u00f3n, o directamente a usted.<\/p>\n<p>Si realiza una solicitud, tenemos un mes para responderle.\u00a0Si desea ejercer alguno de estos derechos, p\u00f3ngase en contacto con nosotros.<\/p>\n<h2 class=\"h3--fix\">\u00bfCu\u00e1nto tiempo conservar\u00e1n mis datos personales?<\/h2>\n<p>Sus datos personales se conservar\u00e1n el tiempo estrictamente necesario para prestarle el servicio o producto contratado. Una vez finalizado el servicio, la ley nos exige mantener los datos 4 a\u00f1os, una vez pasado este tiempo, procederemos a la destrucci\u00f3n de todos tus datos personales.<\/p>\n<p>Queremos conservar tus datos de contacto de forma indefinida para enviarle informaci\u00f3n peri\u00f3dica sobre productos y\/o servicios, propios o de terceros, que entendamos puedan resultar de tu inter\u00e9s. Si no desea recibir informaci\u00f3n comercial, propia o de terceros, puede oponerse indic\u00e1ndolo en la siguiente direcci\u00f3n: <a href=\"mailto:info@eurosigno.com\">international@eurosigno.com<\/a> o darse de baja en el propio Newsletter, en el link que aparecer\u00e1 al final del mismo.<\/p>\n<h2 class=\"h3--fix\">Confidentiality<\/h2>\n<p>Sus datos personales son clasificados como informaci\u00f3n confidencial, por tanto, todo tratamiento sobre estos datos se realizar\u00e1 garantizando el m\u00e1ximo secreto frente a terceros y aplicando las medidas de seguridad necesarias para garantizar su seguridad.<\/p>\n\n\t\t<\/div>\n\t<\/div>\n<\/div><\/div><\/div><\/div>","protected":false},"excerpt":{"rendered":"<p>POLITICA DE PRIVACIDAD EUROSIGNO Patentes y Marcas, S.L. con direcci\u00f3n en Txakursolo, 23- 48992 Getxo CIF B95308326, tel\u00e9fono 944304085 y correo electr\u00f3nico info@eurosigno.com, pone a su disposici\u00f3n la presente informaci\u00f3n concerniente al tratamiento de sus datos personales a fin de que usted tenga conocimiento detallado sobre el tratamiento de sus datos. Eurosigno trata datos personales&hellip;<\/p>","protected":false},"author":3,"featured_media":0,"parent":0,"menu_order":0,"comment_status":"closed","ping_status":"closed","template":"","meta":[],"categories":[],"tags":[],"yoast_head":"<!-- This site is optimized with the Yoast SEO plugin v19.13 - https:\/\/yoast.com\/wordpress\/plugins\/seo\/ -->\n<title>Politica de Privacidad | Eurosigno Patentes y Marcas, S.L.<\/title>\n<meta name=\"robots\" content=\"index, follow, max-snippet:-1, max-image-preview:large, max-video-preview:-1\" \/>\n<link rel=\"canonical\" href=\"https:\/\/eurosigno.com\/en\/politica-de-privacidad\/\" \/>\n<meta property=\"og:locale\" content=\"en_GB\" \/>\n<meta property=\"og:type\" content=\"article\" \/>\n<meta property=\"og:title\" content=\"Politica de Privacidad | Eurosigno Patentes y Marcas, S.L.\" \/>\n<meta property=\"og:url\" content=\"https:\/\/eurosigno.com\/en\/politica-de-privacidad\/\" \/>\n<meta property=\"og:site_name\" content=\"Eurosigno Patentes y Marcas, S.L.\" \/>\n<meta property=\"article:modified_time\" content=\"2022-11-10T18:20:06+00:00\" \/>\n<meta name=\"twitter:card\" content=\"summary_large_image\" \/>\n<meta name=\"twitter:label1\" content=\"Estimated reading time\" \/>\n\t<meta name=\"twitter:data1\" content=\"7 minutes\" \/>\n<script type=\"application\/ld+json\" class=\"yoast-schema-graph\">{\"@context\":\"https:\/\/schema.org\",\"@graph\":[{\"@type\":\"WebPage\",\"@id\":\"https:\/\/eurosigno.com\/politica-de-privacidad\/\",\"url\":\"https:\/\/eurosigno.com\/politica-de-privacidad\/\",\"name\":\"Politica de Privacidad | Eurosigno Patentes y Marcas, S.L.\",\"isPartOf\":{\"@id\":\"https:\/\/eurosigno.com\/#website\"},\"datePublished\":\"2022-11-10T16:34:03+00:00\",\"dateModified\":\"2022-11-10T18:20:06+00:00\",\"breadcrumb\":{\"@id\":\"https:\/\/eurosigno.com\/politica-de-privacidad\/#breadcrumb\"},\"inLanguage\":\"en-GB\",\"potentialAction\":[{\"@type\":\"ReadAction\",\"target\":[\"https:\/\/eurosigno.com\/politica-de-privacidad\/\"]}]},{\"@type\":\"BreadcrumbList\",\"@id\":\"https:\/\/eurosigno.com\/politica-de-privacidad\/#breadcrumb\",\"itemListElement\":[{\"@type\":\"ListItem\",\"position\":1,\"name\":\"Home\",\"item\":\"https:\/\/eurosigno.com\/\"},{\"@type\":\"ListItem\",\"position\":2,\"name\":\"Politica de Privacidad\"}]},{\"@type\":\"WebSite\",\"@id\":\"https:\/\/eurosigno.com\/#website\",\"url\":\"https:\/\/eurosigno.com\/\",\"name\":\"Eurosigno Patentes y Marcas, S.L.\",\"description\":\"Sitio web de Eurosigno S.L.\",\"potentialAction\":[{\"@type\":\"SearchAction\",\"target\":{\"@type\":\"EntryPoint\",\"urlTemplate\":\"https:\/\/eurosigno.com\/?s={search_term_string}\"},\"query-input\":\"required name=search_term_string\"}],\"inLanguage\":\"en-GB\"}]}<\/script>\n<!-- \/ Yoast SEO plugin. -->","yoast_head_json":{"title":"Politica de Privacidad | Eurosigno Patentes y Marcas, S.L.","robots":{"index":"index","follow":"follow","max-snippet":"max-snippet:-1","max-image-preview":"max-image-preview:large","max-video-preview":"max-video-preview:-1"},"canonical":"https:\/\/eurosigno.com\/en\/politica-de-privacidad\/","og_locale":"en_GB","og_type":"article","og_title":"Politica de Privacidad | Eurosigno Patentes y Marcas, S.L.","og_url":"https:\/\/eurosigno.com\/en\/politica-de-privacidad\/","og_site_name":"Eurosigno Patentes y Marcas, S.L.","article_modified_time":"2022-11-10T18:20:06+00:00","twitter_card":"summary_large_image","twitter_misc":{"Estimated reading time":"7 minutes"},"schema":{"@context":"https:\/\/schema.org","@graph":[{"@type":"WebPage","@id":"https:\/\/eurosigno.com\/politica-de-privacidad\/","url":"https:\/\/eurosigno.com\/politica-de-privacidad\/","name":"Politica de Privacidad | Eurosigno Patentes y Marcas, S.L.","isPartOf":{"@id":"https:\/\/eurosigno.com\/#website"},"datePublished":"2022-11-10T16:34:03+00:00","dateModified":"2022-11-10T18:20:06+00:00","breadcrumb":{"@id":"https:\/\/eurosigno.com\/politica-de-privacidad\/#breadcrumb"},"inLanguage":"en-GB","potentialAction":[{"@type":"ReadAction","target":["https:\/\/eurosigno.com\/politica-de-privacidad\/"]}]},{"@type":"BreadcrumbList","@id":"https:\/\/eurosigno.com\/politica-de-privacidad\/#breadcrumb","itemListElement":[{"@type":"ListItem","position":1,"name":"Home","item":"https:\/\/eurosigno.com\/"},{"@type":"ListItem","position":2,"name":"Politica de Privacidad"}]},{"@type":"WebSite","@id":"https:\/\/eurosigno.com\/#website","url":"https:\/\/eurosigno.com\/","name":"Eurosigno Patentes y Marcas, S.L.","description":"Sitio web de Eurosigno S.L.","potentialAction":[{"@type":"SearchAction","target":{"@type":"EntryPoint","urlTemplate":"https:\/\/eurosigno.com\/?s={search_term_string}"},"query-input":"required name=search_term_string"}],"inLanguage":"en-GB"}]}},"_links":{"self":[{"href":"https:\/\/eurosigno.com\/en\/wp-json\/wp\/v2\/pages\/4663"}],"collection":[{"href":"https:\/\/eurosigno.com\/en\/wp-json\/wp\/v2\/pages"}],"about":[{"href":"https:\/\/eurosigno.com\/en\/wp-json\/wp\/v2\/types\/page"}],"author":[{"embeddable":true,"href":"https:\/\/eurosigno.com\/en\/wp-json\/wp\/v2\/users\/3"}],"replies":[{"embeddable":true,"href":"https:\/\/eurosigno.com\/en\/wp-json\/wp\/v2\/comments?post=4663"}],"version-history":[{"count":2,"href":"https:\/\/eurosigno.com\/en\/wp-json\/wp\/v2\/pages\/4663\/revisions"}],"predecessor-version":[{"id":4665,"href":"https:\/\/eurosigno.com\/en\/wp-json\/wp\/v2\/pages\/4663\/revisions\/4665"}],"wp:attachment":[{"href":"https:\/\/eurosigno.com\/en\/wp-json\/wp\/v2\/media?parent=4663"}],"wp:term":[{"taxonomy":"category","embeddable":true,"href":"https:\/\/eurosigno.com\/en\/wp-json\/wp\/v2\/categories?post=4663"},{"taxonomy":"post_tag","embeddable":true,"href":"https:\/\/eurosigno.com\/en\/wp-json\/wp\/v2\/tags?post=4663"}],"curies":[{"name":"wp","href":"https:\/\/api.w.org\/{rel}","templated":true}]}}