{"id":3536,"date":"2018-04-30T14:57:01","date_gmt":"2018-04-30T14:57:01","guid":{"rendered":"https:\/\/eurosigno.com\/?page_id=3536"},"modified":"2018-05-16T15:17:01","modified_gmt":"2018-05-16T15:17:01","slug":"compromiso-de-confidencialidad","status":"publish","type":"page","link":"https:\/\/eurosigno.com\/en\/compromiso-de-confidencialidad\/","title":{"rendered":"Commitment to confidentiality"},"content":{"rendered":"<div class=\"vc_row wpb_row vc_row-fluid vc_custom_1508938086653\"><div class=\"wpb_column vc_column_container vc_col-sm-12\"><div class=\"vc_column-inner\"><div class=\"wpb_wrapper\"><h1 id=\"uvc-type-wrap-5084\"  data-ultimate-target='#uvc-type-wrap-5084'  data-responsive-json-new='{\"font-size\":\"desktop:24px;\",\"line-height\":\"\"}'  class=\"uvc-type-wrap  ult-adjust-bottom-margin ult-responsive titular uvc-type-align-left uvc-type-no-prefix uvc-wrap-35208375269d41d3a56bf0\" style=\"text-align:left;\"><span id=\"typed-35208375269d41d3a56bf0\" class=\"ultimate-typed-main\" style=\"color:#6780be; font-family:&#039;Playfair Display&#039;;font-weight:normal; text-transform: unset;\"><\/span><script type=\"text\/javascript\"> \n\t\t\t\t\t\tjQuery(function($){ \n\t\t\t\t\t\t\t$(document).ready(function(){\n\t\t\t\t\t\t\t\tif( typeof jQuery(\"#typed-35208375269d41d3a56bf0\").typed == \"function\"){\n\t\t\t\t\t\t\t\t\t$(\"#typed-35208375269d41d3a56bf0\").typed({\n\t\t\t\t\t\t\t\t\t\tstrings: [\"Compromiso de confidencialidad\"],\n\t\t\t\t\t\t\t\t\t\ttypeSpeed: 50,\n\t\t\t\t\t\t\t\t\t\tbackSpeed: 0,\n\t\t\t\t\t\t\t\t\t\tstartDelay: 200,\n\t\t\t\t\t\t\t\t\t\tbackDelay: 1500,\n\t\t\t\t\t\t\t\t\t\tloop: false,\n\t\t\t\t\t\t\t\t\t\tloopCount: false,\n\t\t\t\t\t\t\t\t\t\tshowCursor: false,\n\t\t\t\t\t\t\t\t\t\tcursorChar: \"|\",\n\t\t\t\t\t\t\t\t\t\tattr: null\n\t\t\t\t\t\t\t\t\t});\n\t\t\t\t\t\t\t\t}\n\t\t\t\t\t\t\t});\n\t\t\t\t\t\t});\n\t\t\t\t\t<\/script><\/h1><\/div><\/div><\/div><\/div><!-- Row Backgrounds --><div class=\"upb_color\" data-bg-override=\"full\" data-bg-color=\"#f8f8f9\" data-fadeout=\"\" data-fadeout-percentage=\"30\" data-parallax-content=\"\" data-parallax-content-sense=\"30\" data-row-effect-mobile-disable=\"true\" data-img-parallax-mobile-disable=\"true\" data-rtl=\"false\"  data-custom-vc-row=\"\"  data-vc=\"6.9.0\"  data-is_old_vc=\"\"  data-theme-support=\"\"   data-overlay=\"false\" data-overlay-color=\"\" data-overlay-pattern=\"\" data-overlay-pattern-opacity=\"\" data-overlay-pattern-size=\"\"    ><\/div><div data-vc-full-width=\"true\" data-vc-full-width-init=\"false\" class=\"vc_row wpb_row vc_row-fluid migas\"><div class=\"wpb_column vc_column_container vc_col-sm-12\"><div class=\"vc_column-inner\"><div class=\"wpb_wrapper\">\n\t<div class=\"wpb_text_column wpb_content_element\" >\n\t\t<div class=\"wpb_wrapper\">\n\t\t\t<span><span><a href=\"https:\/\/eurosigno.com\/en\/\">Home<\/a><\/span><\/span>\n\n\t\t<\/div>\n\t<\/div>\n<\/div><\/div><\/div><\/div><div class=\"vc_row-full-width vc_clearfix\"><\/div><div class=\"vc_row wpb_row vc_row-fluid dt-default\" style=\"margin-top: 0px;margin-bottom: 0px\"><div class=\"main-content wpb_column vc_column_container vc_col-sm-9\"><div class=\"vc_column-inner\"><div class=\"wpb_wrapper\"><div id=\"ultimate-heading-690069d41d3a58bb9\" class=\"uvc-heading ult-adjust-bottom-margin ultimate-heading-690069d41d3a58bb9 uvc-8525\" data-hspacer=\"no_spacer\"  data-halign=\"left\" style=\"text-align:left\"><div class=\"uvc-heading-spacer no_spacer\" style=\"top\"><\/div><div class=\"uvc-sub-heading ult-responsive\"  data-ultimate-target='.uvc-heading.ultimate-heading-690069d41d3a58bb9 .uvc-sub-heading '  data-responsive-json-new='{\"font-size\":\"desktop:25px;\",\"line-height\":\"desktop:54px;\"}'  style=\"font-family:&#039;Playfair Display&#039;;font-weight:normal;color:#6b80b9;margin-bottom:10px;\"><\/p>\n<h1><span style=\"color: #6b80b9;\">Nuestro valor principal\u00a0<\/span><\/h1>\n<p><\/div><\/div><div class=\"ult-spacer spacer-69d41d3a58bf4\" data-id=\"69d41d3a58bf4\" data-height=\"30\" data-height-mobile=\"30\" data-height-tab=\"30\" data-height-tab-portrait=\"\" data-height-mobile-landscape=\"\" style=\"clear:both;display:block;\"><\/div>\n\t<div class=\"wpb_text_column wpb_content_element  vc_custom_1525704643256\" >\n\t\t<div class=\"wpb_wrapper\">\n\t\t\t<p>Defendemos y aplicamos la <span style=\"color: #666666;\"><strong>confidencialidad como valor esencial<\/strong><\/span> in the development of our professional activity.<\/p>\n\n\t\t<\/div>\n\t<\/div>\n<\/div><\/div><\/div><div class=\"Bloque-form-lateral wpb_column vc_column_container vc_col-sm-3\"><div class=\"vc_column-inner\"><div class=\"wpb_wrapper\"><div class=\"vc_row wpb_row vc_inner vc_row-fluid form-lateral2 vc_custom_1517393827242 vc_row-has-fill\"><div class=\"wpb_column vc_column_container vc_col-sm-12\"><div class=\"vc_column-inner\"><div class=\"wpb_wrapper\">\n\t<div class=\"wpb_text_column wpb_content_element  vc_custom_1517415498096\" >\n\t\t<div class=\"wpb_wrapper\">\n\t\t\t<p style=\"text-align: center; font-family: 'Open Sans';\">Can&#039;t find a service?<\/p>\n<p style=\"text-align: center; font-family: 'Open Sans';\"><strong>ASK US ABOUT YOUR CASE<\/strong><\/p>\n\n\t\t<\/div>\n\t<\/div>\n<div class=\"vc_icon_element vc_icon_element-outer vc_icon_element-align-center\"><div class=\"vc_icon_element-inner vc_icon_element-color-blue vc_icon_element-size-md vc_icon_element-style- vc_icon_element-background-color-grey\" ><span class=\"vc_icon_element-icon fa fa-envelope-open-o\" ><\/span><\/div><\/div><div role=\"form\" class=\"wpcf7\" id=\"wpcf7-f2086-o1\" lang=\"es-ES\" dir=\"ltr\">\n<div class=\"screen-reader-response\"><p role=\"status\" aria-live=\"polite\" aria-atomic=\"true\"><\/p> <ul><\/ul><\/div>\n<form action=\"\/en\/wp-json\/wp\/v2\/pages\/3536#wpcf7-f2086-o1\" method=\"post\" class=\"wpcf7-form init\" novalidate=\"novalidate\" data-status=\"init\" data-trp-original-action=\"\/en\/wp-json\/wp\/v2\/pages\/3536#wpcf7-f2086-o1\">\n<div style=\"display: none;\">\n<input type=\"hidden\" name=\"_wpcf7\" value=\"2086\" \/>\n<input type=\"hidden\" name=\"_wpcf7_version\" value=\"5.6.4\" \/>\n<input type=\"hidden\" name=\"_wpcf7_locale\" value=\"es_ES\" \/>\n<input type=\"hidden\" name=\"_wpcf7_unit_tag\" value=\"wpcf7-f2086-o1\" \/>\n<input type=\"hidden\" name=\"_wpcf7_container_post\" value=\"0\" \/>\n<input type=\"hidden\" name=\"_wpcf7_posted_data_hash\" value=\"\" \/>\n<input type=\"hidden\" name=\"_wpcf7_recaptcha_response\" value=\"\" \/>\n<\/div>\n<div class=\"form-lateral\"><span class=\"wpcf7-form-control-wrap\" data-name=\"your-name\"><input type=\"text\" name=\"your-name\" value=\"\" size=\"40\" class=\"wpcf7-form-control wpcf7-text wpcf7-validates-as-required\" aria-required=\"true\" aria-invalid=\"false\" placeholder=\"Name (required)\" \/><\/span><br \/>\n<span class=\"wpcf7-form-control-wrap\" data-name=\"your-email\"><input type=\"email\" name=\"your-email\" value=\"\" size=\"40\" class=\"wpcf7-form-control wpcf7-text wpcf7-email wpcf7-validates-as-required wpcf7-validates-as-email\" aria-required=\"true\" aria-invalid=\"false\" placeholder=\"Email (required)\" \/><\/span><br \/>\n<span class=\"wpcf7-form-control-wrap\" data-name=\"tel-841\"><input type=\"tel\" name=\"tel-841\" value=\"\" size=\"40\" class=\"wpcf7-form-control wpcf7-text wpcf7-tel wpcf7-validates-as-required wpcf7-validates-as-tel\" aria-required=\"true\" aria-invalid=\"false\" placeholder=\"Phone (required)\" \/><\/span><br \/>\n<span class=\"wpcf7-form-control-wrap\" data-name=\"your-subject\"><input type=\"text\" name=\"your-subject\" value=\"\" size=\"40\" class=\"wpcf7-form-control wpcf7-text\" aria-invalid=\"false\" placeholder=\"Subject\" \/><\/span><br \/>\n<span class=\"wpcf7-form-control-wrap\" data-name=\"your-message\"><textarea name=\"your-message\" cols=\"40\" rows=\"5\" class=\"wpcf7-form-control wpcf7-textarea\" aria-invalid=\"false\" placeholder=\"Message\"><\/textarea><\/span><\/p>\n<div class=\"terms\"><span class=\"wpcf7-form-control-wrap\" data-name=\"acceptance-831\"><span class=\"wpcf7-form-control wpcf7-acceptance\"><span class=\"wpcf7-list-item\"><input type=\"checkbox\" name=\"acceptance-831\" value=\"1\" aria-invalid=\"false\" \/><\/span><\/span><\/span><span style=\"font-size:14px; color: #9e9fa2; font-family: 'Open Sans';\"> I accept the <\/span><a href=\"https:\/\/eurosigno.com\/en\/aviso-legal\/\" style=\"font-size:14px; color: #9e9fa2;text-decoration:none; font-family: 'Open Sans';\" target=\"_blank\">legal terms and the privacy policy<\/a><\/div>\n<p><input type=\"submit\" value=\"Send\" class=\"wpcf7-form-control has-spinner wpcf7-submit\" \/>\n<\/p><\/div>\n<div class=\"wpcf7-response-output\" aria-hidden=\"true\"><\/div><input type=\"hidden\" name=\"trp-form-language\" value=\"en\"\/><\/form><\/div><\/div><\/div><\/div><\/div><\/div><\/div><\/div><\/div><div data-vc-full-width=\"true\" data-vc-full-width-init=\"false\" class=\"vc_row wpb_row vc_row-fluid\"><div class=\"wpb_column vc_column_container vc_col-sm-12\"><div class=\"vc_column-inner\"><div class=\"wpb_wrapper\"><div class=\"vc_row wpb_row vc_inner vc_row-fluid number3\"><div class=\"number1 wpb_column vc_column_container vc_col-sm-4\"><div class=\"vc_column-inner\"><div class=\"wpb_wrapper\">\n\t<div class=\"wpb_text_column wpb_content_element\" >\n\t\t<div class=\"wpb_wrapper\">\n\t\t\t<div class=\"titulo3\" style=\"text-align: center;\">\n<div style=\"float: left;\"><img class=\"titular2-barra\" src=\"\/wp-content\/uploads\/2018\/01\/separador-blanco-1.png\" \/><span class=\"txt-quienes2\"><a style=\"text-decoration: none; color: #fff; font-size: 22px;\" href=\"https:\/\/eurosigno.com\/en\/registro-marcas\/\">Trademarks<\/a><\/span><span class=\"txt-quienes3\"><img src=\"http:\/\/eurosigno.com\/wp-content\/uploads\/2018\/02\/eurosigno-icono-marca-1.png\" \/><\/span><\/div>\n<\/div>\n\n\t\t<\/div>\n\t<\/div>\n<\/div><\/div><\/div><div class=\"number2 wpb_column vc_column_container vc_col-sm-4\"><div class=\"vc_column-inner\"><div class=\"wpb_wrapper\">\n\t<div class=\"wpb_text_column wpb_content_element\" >\n\t\t<div class=\"wpb_wrapper\">\n\t\t\t<div class=\"titulo3\">\n<div style=\"float: left;\"><img class=\"titular2-barra\" src=\"\/wp-content\/uploads\/2018\/01\/separador-blanco-1.png\" \/><span class=\"txt-quienes2\"><a style=\"text-decoration: none; color: #fff; font-size: 22px;\" href=\"https:\/\/eurosigno.com\/en\/registro-patentes\/\">Patents<\/a><\/span><span class=\"txt-quienes3\"><img src=\"\/wp-content\/uploads\/2018\/02\/eurosigno-icono-patente-1.png\" \/><\/span><\/div>\n<\/div>\n\n\t\t<\/div>\n\t<\/div>\n<\/div><\/div><\/div><div class=\"wpb_column vc_column_container vc_col-sm-4\"><div class=\"vc_column-inner vc_custom_1516879615159\"><div class=\"wpb_wrapper\">\n\t<div class=\"wpb_text_column wpb_content_element\" >\n\t\t<div class=\"wpb_wrapper\">\n\t\t\t<div class=\"titulo3\">\n<div style=\"float: left;\"><img class=\"titular2-barra\" src=\"\/wp-content\/uploads\/2018\/01\/separador-blanco-1.png\" \/><span class=\"txt-quienes2\"><a style=\"text-decoration: none; color: #fff; font-size: 22px;\" href=\"https:\/\/eurosigno.com\/en\/registro-disenos-industriales\/\">Designs<\/a><\/span><span class=\"txt-quienes3\"><img src=\"\/wp-content\/uploads\/2018\/02\/eurosigno-icono-diseno-1.png\" \/><\/span><\/div>\n<\/div>\n\n\t\t<\/div>\n\t<\/div>\n<\/div><\/div><\/div><\/div><div class=\"ult-spacer spacer-69d41d3a5bc57\" data-id=\"69d41d3a5bc57\" data-height=\"100\" data-height-mobile=\"20\" data-height-tab=\"50\" data-height-tab-portrait=\"50\" data-height-mobile-landscape=\"20\" style=\"clear:both;display:block;\"><\/div><\/div><\/div><\/div><\/div><div class=\"vc_row-full-width vc_clearfix\"><\/div><!-- Row Backgrounds --><div class=\"upb_color\" data-bg-override=\"0\" data-bg-color=\"#6b80b9\" data-fadeout=\"\" data-fadeout-percentage=\"30\" data-parallax-content=\"\" data-parallax-content-sense=\"30\" data-row-effect-mobile-disable=\"true\" data-img-parallax-mobile-disable=\"true\" data-rtl=\"false\"  data-custom-vc-row=\"\"  data-vc=\"6.9.0\"  data-is_old_vc=\"\"  data-theme-support=\"\"   data-overlay=\"false\" data-overlay-color=\"\" data-overlay-pattern=\"\" data-overlay-pattern-opacity=\"\" data-overlay-pattern-size=\"\"    ><\/div><section class=\"vc_section\"><div data-vc-full-width=\"true\" data-vc-full-width-init=\"false\" data-vc-stretch-content=\"true\" class=\"vc_row wpb_row vc_row-fluid vc_custom_1516869983653 vc_row-no-padding vc_row-o-equal-height vc_row-o-content-middle vc_row-flex\"><div class=\"wpb_column vc_column_container vc_col-sm-12\"><div class=\"vc_column-inner\"><div class=\"wpb_wrapper\"><div class=\"ult-spacer spacer-69d41d3a5c969\" data-id=\"69d41d3a5c969\" data-height=\"70\" data-height-mobile=\"20\" data-height-tab=\"70\" data-height-tab-portrait=\"30\" data-height-mobile-landscape=\"20\" style=\"clear:both;display:block;\"><\/div><div class=\"vc_row wpb_row vc_inner vc_row-fluid vc_custom_1516275555453\"><div class=\"wpb_column vc_column_container vc_col-sm-4\"><div class=\"vc_column-inner\"><div class=\"wpb_wrapper\"><\/div><\/div><\/div><div class=\"wpb_column vc_column_container vc_col-sm-4\"><div class=\"vc_column-inner\"><div class=\"wpb_wrapper\"><div id=\"ultimate-heading-229769d41d3a5cfda\" class=\"uvc-heading ult-adjust-bottom-margin ultimate-heading-229769d41d3a5cfda uvc-6541  uvc-heading-default-font-sizes\" data-hspacer=\"no_spacer\"  data-halign=\"center\" style=\"text-align:center\"><div class=\"uvc-heading-spacer no_spacer\" style=\"top\"><\/div><div class=\"uvc-sub-heading ult-responsive\"  data-ultimate-target='.uvc-heading.ultimate-heading-229769d41d3a5cfda .uvc-sub-heading '  data-responsive-json-new='{\"font-size\":\"desktop:22px;\",\"line-height\":\"\"}'  style=\"font-family:&#039;Playfair Display&#039;;font-weight:600;color:#ffffff;\"><\/p>\n<p style=\"text-align: center; font-weight: 300 !important;\">In Eurosigno we have extensive experience and success in the register of community trade marks and international<\/p>\n<p><\/div><\/div><\/div><\/div><\/div><div class=\"wpb_column vc_column_container vc_col-sm-4\"><div class=\"vc_column-inner\"><div class=\"wpb_wrapper\"><\/div><\/div><\/div><\/div><div class=\"vc_empty_space\"   style=\"height: 25px\"><span class=\"vc_empty_space_inner\"><\/span><\/div><div class=\"ult-spacer spacer-69d41d3a5d59d\" data-id=\"69d41d3a5d59d\" data-height=\"70\" data-height-mobile=\"20\" data-height-tab=\"70\" data-height-tab-portrait=\"30\" data-height-mobile-landscape=\"20\" style=\"clear:both;display:block;\"><\/div><\/div><\/div><\/div><\/div><div class=\"vc_row-full-width vc_clearfix\"><\/div><!-- Row Backgrounds --><div class=\"upb_bg_img\" data-ultimate-bg=\"url(https:\/\/eurosigno.com\/wp-content\/uploads\/2018\/01\/eurosigno-copyright-bg.jpg)\" data-image-id=\"id^2161|url^http:\/\/eurosigno.com\/wp-content\/uploads\/2018\/01\/eurosigno-copyright-bg.jpg|caption^null|alt^eurosigno-copyright-bg|title^eurosigno-copyright-bg|description^null\" data-ultimate-bg-style=\"vcpb-default\" data-bg-img-repeat=\"no-repeat\" data-bg-img-size=\"cover\" data-bg-img-position=\"bottom center\" data-parallx_sense=\"30\" data-bg-override=\"full\" data-bg_img_attach=\"scroll\" data-upb-overlay-color=\"\" data-upb-bg-animation=\"\" data-fadeout=\"\" data-bg-animation=\"left-animation\" data-bg-animation-type=\"h\" data-animation-repeat=\"repeat\" data-fadeout-percentage=\"30\" data-parallax-content=\"\" data-parallax-content-sense=\"30\" data-row-effect-mobile-disable=\"true\" data-img-parallax-mobile-disable=\"true\" data-rtl=\"false\"  data-custom-vc-row=\"\"  data-vc=\"6.9.0\"  data-is_old_vc=\"\"  data-theme-support=\"\"   data-overlay=\"false\" data-overlay-color=\"\" data-overlay-pattern=\"\" data-overlay-pattern-opacity=\"\" data-overlay-pattern-size=\"\"    ><\/div><\/section><div data-vc-full-width=\"true\" data-vc-full-width-init=\"false\" class=\"vc_row wpb_row vc_row-fluid servicios-ampliacion\"><div class=\"wpb_column vc_column_container vc_col-sm-12\"><div class=\"vc_column-inner\"><div class=\"wpb_wrapper\"><div class=\"ult-spacer spacer-69d41d3a5de52\" data-id=\"69d41d3a5de52\" data-height=\"50\" data-height-mobile=\"30\" data-height-tab=\"30\" data-height-tab-portrait=\"30\" data-height-mobile-landscape=\"30\" style=\"clear:both;display:block;\"><\/div>\n\t<div class=\"wpb_text_column wpb_content_element\" >\n\t\t<div class=\"wpb_wrapper\">\n\t\t\t<p style=\"text-align: center; font-family: 'Open Sans', sans-serif; font-weight: 600;\">We put our experience in trademarks registrations at your disposal<\/p>\n\n\t\t<\/div>\n\t<\/div>\n<div class=\"vc_row wpb_row vc_inner vc_row-fluid\"><div class=\"wpb_column vc_column_container vc_col-sm-3\"><div class=\"vc_column-inner\"><div class=\"wpb_wrapper\"><\/div><\/div><\/div><div class=\"wpb_column vc_column_container vc_col-sm-3\"><div class=\"vc_column-inner\"><div class=\"wpb_wrapper\"><div class=\"vc_btn3-container  wpb_animate_when_almost_visible wpb_fadeInLeft fadeInLeft vc_btn3-right\" ><a style=\"background-color:#6b80b9; color:#ffffff;\" class=\"vc_general vc_btn3 vc_btn3-size-md vc_btn3-shape-square vc_btn3-style-custom vc_btn3-icon-left\" href=\"tel:\/\/+34944304085\" title=\"\"><i class=\"vc_btn3-icon fa fa-phone\"><\/i>  Phone +34 94 430 40 85<\/a><\/div><\/div><\/div><\/div><div class=\"wpb_column vc_column_container vc_col-sm-3\"><div class=\"vc_column-inner\"><div class=\"wpb_wrapper\"><div class=\"vc_btn3-container  wpb_animate_when_almost_visible wpb_fadeInRight fadeInRight vc_btn3-left\" ><a style=\"background-color:#6b80b9; color:#ffffff;\" class=\"vc_general vc_btn3 vc_btn3-size-md vc_btn3-shape-square vc_btn3-style-custom vc_btn3-icon-left\" href=\"mailto:%20info@eurosigno.com\" title=\"\"><i class=\"vc_btn3-icon fa fa-envelope-o\"><\/i>  international@eurosigno.com<\/a><\/div><\/div><\/div><\/div><div class=\"wpb_column vc_column_container vc_col-sm-3\"><div class=\"vc_column-inner\"><div class=\"wpb_wrapper\"><\/div><\/div><\/div><\/div><div class=\"ult-spacer spacer-69d41d3a5f044\" data-id=\"69d41d3a5f044\" data-height=\"50\" data-height-mobile=\"30\" data-height-tab=\"30\" data-height-tab-portrait=\"30\" data-height-mobile-landscape=\"30\" style=\"clear:both;display:block;\"><\/div><\/div><\/div><\/div><\/div><div class=\"vc_row-full-width vc_clearfix\"><\/div><!-- Row Backgrounds --><\/p>","protected":false},"excerpt":{"rendered":"<p>Home Nuestro valor principal\u00a0 Defendemos y aplicamos la confidencialidad como valor esencial en el desarrollo de nuestra actividad profesional. \u00bfNo encuentras alg\u00fan servicio? CONS\u00daLTANOS TU CASO Acepto los t\u00e9rminos legales y la pol\u00edtica de privacidad Marcas Patentes Dise\u00f1os En Eurosigno tenemos amplia experiencia y \u00e9xitos en registro de marcas comunitarias e internacionales Ponemos nuestra experiencia&hellip;<\/p>","protected":false},"author":2,"featured_media":0,"parent":0,"menu_order":0,"comment_status":"closed","ping_status":"closed","template":"","meta":[],"categories":[],"tags":[],"yoast_head":"<!-- This site is optimized with the Yoast SEO plugin v19.13 - https:\/\/yoast.com\/wordpress\/plugins\/seo\/ -->\n<title>Compromiso de confidencialidad | EUROSIGNO Patentes y Marcas, S.L.<\/title>\n<meta name=\"description\" content=\"El valor fundamental de nuestra empresa es el compromiso de confidencialidad con todos y cada uno de nuestros clientes.\" \/>\n<meta name=\"robots\" content=\"index, follow, max-snippet:-1, max-image-preview:large, max-video-preview:-1\" \/>\n<link rel=\"canonical\" href=\"https:\/\/eurosigno.com\/en\/compromiso-de-confidencialidad\/\" \/>\n<meta property=\"og:locale\" content=\"en_GB\" \/>\n<meta property=\"og:type\" content=\"article\" \/>\n<meta property=\"og:title\" content=\"Compromiso de confidencialidad | EUROSIGNO Patentes y Marcas, S.L.\" \/>\n<meta property=\"og:description\" content=\"El valor fundamental de nuestra empresa es el compromiso de confidencialidad con todos y cada uno de nuestros clientes.\" \/>\n<meta property=\"og:url\" content=\"https:\/\/eurosigno.com\/en\/compromiso-de-confidencialidad\/\" \/>\n<meta property=\"og:site_name\" content=\"Eurosigno Patentes y Marcas, S.L.\" \/>\n<meta property=\"article:modified_time\" content=\"2018-05-16T15:17:01+00:00\" \/>\n<meta property=\"og:image\" content=\"http:\/\/eurosigno.com\/wp-content\/uploads\/2018\/02\/eurosigno-icono-marca-1.png\" \/>\n<meta name=\"twitter:card\" content=\"summary_large_image\" \/>\n<meta name=\"twitter:label1\" content=\"Estimated reading time\" \/>\n\t<meta name=\"twitter:data1\" content=\"4 minutes\" \/>\n<script type=\"application\/ld+json\" class=\"yoast-schema-graph\">{\"@context\":\"https:\/\/schema.org\",\"@graph\":[{\"@type\":\"WebPage\",\"@id\":\"https:\/\/eurosigno.com\/compromiso-de-confidencialidad\/\",\"url\":\"https:\/\/eurosigno.com\/compromiso-de-confidencialidad\/\",\"name\":\"Compromiso de confidencialidad | EUROSIGNO Patentes y Marcas, S.L.\",\"isPartOf\":{\"@id\":\"https:\/\/eurosigno.com\/#website\"},\"datePublished\":\"2018-04-30T14:57:01+00:00\",\"dateModified\":\"2018-05-16T15:17:01+00:00\",\"description\":\"El valor fundamental de nuestra empresa es el compromiso de confidencialidad con todos y cada uno de nuestros clientes.\",\"breadcrumb\":{\"@id\":\"https:\/\/eurosigno.com\/compromiso-de-confidencialidad\/#breadcrumb\"},\"inLanguage\":\"en-GB\",\"potentialAction\":[{\"@type\":\"ReadAction\",\"target\":[\"https:\/\/eurosigno.com\/compromiso-de-confidencialidad\/\"]}]},{\"@type\":\"BreadcrumbList\",\"@id\":\"https:\/\/eurosigno.com\/compromiso-de-confidencialidad\/#breadcrumb\",\"itemListElement\":[{\"@type\":\"ListItem\",\"position\":1,\"name\":\"Home\",\"item\":\"https:\/\/eurosigno.com\/\"},{\"@type\":\"ListItem\",\"position\":2,\"name\":\"Compromiso de confidencialidad\"}]},{\"@type\":\"WebSite\",\"@id\":\"https:\/\/eurosigno.com\/#website\",\"url\":\"https:\/\/eurosigno.com\/\",\"name\":\"Eurosigno Patentes y Marcas, S.L.\",\"description\":\"Sitio web de Eurosigno S.L.\",\"potentialAction\":[{\"@type\":\"SearchAction\",\"target\":{\"@type\":\"EntryPoint\",\"urlTemplate\":\"https:\/\/eurosigno.com\/?s={search_term_string}\"},\"query-input\":\"required name=search_term_string\"}],\"inLanguage\":\"en-GB\"}]}<\/script>\n<!-- \/ Yoast SEO plugin. -->","yoast_head_json":{"title":"Compromiso de confidencialidad | EUROSIGNO Patentes y Marcas, S.L.","description":"El valor fundamental de nuestra empresa es el compromiso de confidencialidad con todos y cada uno de nuestros clientes.","robots":{"index":"index","follow":"follow","max-snippet":"max-snippet:-1","max-image-preview":"max-image-preview:large","max-video-preview":"max-video-preview:-1"},"canonical":"https:\/\/eurosigno.com\/en\/compromiso-de-confidencialidad\/","og_locale":"en_GB","og_type":"article","og_title":"Compromiso de confidencialidad | EUROSIGNO Patentes y Marcas, S.L.","og_description":"El valor fundamental de nuestra empresa es el compromiso de confidencialidad con todos y cada uno de nuestros clientes.","og_url":"https:\/\/eurosigno.com\/en\/compromiso-de-confidencialidad\/","og_site_name":"Eurosigno Patentes y Marcas, S.L.","article_modified_time":"2018-05-16T15:17:01+00:00","og_image":[{"url":"http:\/\/eurosigno.com\/wp-content\/uploads\/2018\/02\/eurosigno-icono-marca-1.png"}],"twitter_card":"summary_large_image","twitter_misc":{"Estimated reading time":"4 minutes"},"schema":{"@context":"https:\/\/schema.org","@graph":[{"@type":"WebPage","@id":"https:\/\/eurosigno.com\/compromiso-de-confidencialidad\/","url":"https:\/\/eurosigno.com\/compromiso-de-confidencialidad\/","name":"Compromiso de confidencialidad | EUROSIGNO Patentes y Marcas, S.L.","isPartOf":{"@id":"https:\/\/eurosigno.com\/#website"},"datePublished":"2018-04-30T14:57:01+00:00","dateModified":"2018-05-16T15:17:01+00:00","description":"El valor fundamental de nuestra empresa es el compromiso de confidencialidad con todos y cada uno de nuestros clientes.","breadcrumb":{"@id":"https:\/\/eurosigno.com\/compromiso-de-confidencialidad\/#breadcrumb"},"inLanguage":"en-GB","potentialAction":[{"@type":"ReadAction","target":["https:\/\/eurosigno.com\/compromiso-de-confidencialidad\/"]}]},{"@type":"BreadcrumbList","@id":"https:\/\/eurosigno.com\/compromiso-de-confidencialidad\/#breadcrumb","itemListElement":[{"@type":"ListItem","position":1,"name":"Home","item":"https:\/\/eurosigno.com\/"},{"@type":"ListItem","position":2,"name":"Compromiso de confidencialidad"}]},{"@type":"WebSite","@id":"https:\/\/eurosigno.com\/#website","url":"https:\/\/eurosigno.com\/","name":"Eurosigno Patentes y Marcas, S.L.","description":"Sitio web de Eurosigno S.L.","potentialAction":[{"@type":"SearchAction","target":{"@type":"EntryPoint","urlTemplate":"https:\/\/eurosigno.com\/?s={search_term_string}"},"query-input":"required name=search_term_string"}],"inLanguage":"en-GB"}]}},"_links":{"self":[{"href":"https:\/\/eurosigno.com\/en\/wp-json\/wp\/v2\/pages\/3536"}],"collection":[{"href":"https:\/\/eurosigno.com\/en\/wp-json\/wp\/v2\/pages"}],"about":[{"href":"https:\/\/eurosigno.com\/en\/wp-json\/wp\/v2\/types\/page"}],"author":[{"embeddable":true,"href":"https:\/\/eurosigno.com\/en\/wp-json\/wp\/v2\/users\/2"}],"replies":[{"embeddable":true,"href":"https:\/\/eurosigno.com\/en\/wp-json\/wp\/v2\/comments?post=3536"}],"version-history":[{"count":0,"href":"https:\/\/eurosigno.com\/en\/wp-json\/wp\/v2\/pages\/3536\/revisions"}],"wp:attachment":[{"href":"https:\/\/eurosigno.com\/en\/wp-json\/wp\/v2\/media?parent=3536"}],"wp:term":[{"taxonomy":"category","embeddable":true,"href":"https:\/\/eurosigno.com\/en\/wp-json\/wp\/v2\/categories?post=3536"},{"taxonomy":"post_tag","embeddable":true,"href":"https:\/\/eurosigno.com\/en\/wp-json\/wp\/v2\/tags?post=3536"}],"curies":[{"name":"wp","href":"https:\/\/api.w.org\/{rel}","templated":true}]}}