{"id":3418,"date":"2018-04-26T14:22:52","date_gmt":"2018-04-26T14:22:52","guid":{"rendered":"https:\/\/eurosigno.com\/?page_id=3418"},"modified":"2018-05-18T09:13:31","modified_gmt":"2018-05-18T09:13:31","slug":"aviso-legal","status":"publish","type":"page","link":"https:\/\/eurosigno.com\/en\/aviso-legal\/","title":{"rendered":"Aviso legal"},"content":{"rendered":"<div class=\"vc_row wpb_row vc_row-fluid dt-default\" style=\"margin-top: 0px;margin-bottom: 0px\"><div class=\"wpb_column vc_column_container vc_col-sm-12\"><div class=\"vc_column-inner\"><div class=\"wpb_wrapper\"><div class=\"ult-spacer spacer-69d609c3a6cf2\" data-id=\"69d609c3a6cf2\" data-height=\"50\" data-height-mobile=\"15\" data-height-tab=\"40\" data-height-tab-portrait=\"30\" data-height-mobile-landscape=\"15\" style=\"clear:both;display:block;\"><\/div>\n\t<div class=\"wpb_text_column wpb_content_element\" >\n\t\t<div class=\"wpb_wrapper\">\n\t\t\t<h2>CONDICIONES GENERALES DE ACCESO Y UTILIZACI\u00d3N DE ESTA WEB SITE<\/h2>\n<p>Estas condiciones regulan el uso de la p\u00e1gina <a href=\"https:\/\/eurosigno.com\/en\/\">www.eurosigno.com<\/a> que Eurosigno Patentes y Marcas, pone a disposici\u00f3n de los usuarios y visitantes de la mismas.<\/p>\n<p>Por favor, lea atentamente las presentes condiciones generales de acceso a este web site que Eurosigno Patentes y Marcas pone en conocimiento del usuario, siendo aceptadas expresa y plenamente por \u00e9ste el mero hecho de acceder al web site. Eurosigno Patentes y Marcas podr\u00e1 modificar en cualquier momento las presentes condiciones, debiendo el usuario acceder a las sucesivas versiones que se incluyan aqu\u00ed cada vez que pretenda hacer uso de la p\u00e1gina y, al menos, de forma peri\u00f3dica.<\/p>\n<p>Adquiere la condici\u00f3n de usuario toda persona f\u00edsica o jur\u00eddica que accede a la p\u00e1gina, utilizando los servicios y contenidos exclusivamente para fines particulares de la misma y\/o por raz\u00f3n de su condici\u00f3n de cliente o potencial cliente, de Eurosigno Patentes y Marcas, con exclusi\u00f3n de cualquier modalidad de utilizaci\u00f3n posterior de los mismos con \u00e1nimo de lucro o reporte de alg\u00fan beneficio, directo o indirecto.<\/p>\n<p>Eurosigno Patentes y Marcas podr\u00e1 establecer condiciones particulares para el uso de determinados contenidos y servicios, que ser\u00e1n conocidos y aceptados por el usuario con car\u00e1cter previo a la utilizaci\u00f3n de los mismos. Dichas condiciones particulares pueden sustituir en todo o en parte, completar y\/o modificar lo dispuesto en estas Condiciones Generales.<\/p>\n<h2>ACCESO AL WEB SITE<\/h2>\n<p>El acceso a la p\u00e1gina es gratuito, sin necesidad de autorizaci\u00f3n previa, suscripci\u00f3n o registro, salvo para los servicios y contenidos espec\u00edficos de Eurosigno Patentes y Marcas.<\/p>\n<p>El usuario \u00fanicamente deber\u00e1 reunir las siguientes condiciones t\u00e9cnicas para beneficiarse del uso de la p\u00e1gina: Disponer de un dispositivo con acceso a INTERNET con las \u00faltimas versiones de navegador.<\/p>\n<p>La calidad y velocidad con que se accede al web site no ser\u00e1 responsabilidad de Eurosigno Patentes y Marcas, no pudiendo el usuario reclamar cantidad alguna en concepto de indemnizaci\u00f3n de los da\u00f1os y perjuicios que se pudieran ocasionar por este motivo.<\/p>\n<p>Eurosigno Patentes y Marcas podr\u00e1 interrumpir la prestaci\u00f3n de un servicio o suministro de un contenido sin necesidad de avisar previamente al usuario, con la finalidad -teniendo esta enumeraci\u00f3n car\u00e1cter meramente delimitado- de efectuar labores de mantenimiento, ampliaci\u00f3n o mejora del servicio, etc.<\/p>\n<p>Igualmente, Eurosigno Patentes y Marcas, no se responsabiliza de ninguna anomal\u00eda, mal funcionamiento, deterioro, borrado de datos o software, que se produzca en los equipos o sistemas de los usuarios, como consecuencia directa o indirecta, del acceso o intento de acceso al web site.<\/p>\n<h2>CONTENIDO DEL WEB SITE<\/h2>\n<p>El usuario conoce que los contenidos y servicios ofrecidos a trav\u00e9s del web site son propiedad intelectual de Eurosigno Patentes y Marcas.<\/p>\n<p>La prestaci\u00f3n de los servicios y publicaci\u00f3n de los contenidos a trav\u00e9s de la p\u00e1gina no implicar\u00e1 en ning\u00fan caso la cesi\u00f3n, renuncia o transmisi\u00f3n, total o parcial, de los correspondientes derechos de propiedad Intelectual.<\/p>\n<p>La totalidad del web site: texto, im\u00e1genes, logotipos, marcas comerciales, archivos de audio y v\u00eddeo, botones, archivos de software, combinaciones de colores, as\u00ed como estructura, selecci\u00f3n ordenaci\u00f3n y presentaci\u00f3n de sus contenidos; se encuentra protegida por las leyes espa\u00f1olas e internacionales sobre propiedad Intelectual.<\/p>\n<p>Quedan expresamente prohibidas, en todo caso, la reproducci\u00f3n, copia, comunicaci\u00f3n p\u00fablica, distribuci\u00f3n, modificaci\u00f3n, transformaci\u00f3n, supresi\u00f3n, manipulaci\u00f3n, y cualquier otra forma de utilizaci\u00f3n, con o sin \u00e1nimo de lucro, de todo o parte de esta web site o cualquiera de sus contenidos, sin la previa y expresa autorizaci\u00f3n por escrito de Eurosigno Patentes y Marcas. Esta prohibici\u00f3n se extiende a los dispositivos t\u00e9cnicos de protecci\u00f3n, las huellas digitales y cualesquiera mecanismos de informaci\u00f3n relacionados con los contenidos. Queda asimismo especialmente prohibida la utilizaci\u00f3n de informaci\u00f3n de cualquier clase obtenida a trav\u00e9s de esta web site o de cualquiera de sus contenidos, con fines o por medios publicitarios, promocionales y\/o comerciales de cualquier \u00edndole.<\/p>\n<h2>USO DEL WEB SITE<\/h2>\n<p>El acceso o uso de los contenidos y servicios contenidos o prestados a trav\u00e9s del web site deber\u00e1 hacerse conforme a la Ley, la moral, las buenas costumbres y el orden p\u00fablico.<\/p>\n<p>El usuario puede ver, descargar, reproducir, distribuir y\/o comunicar p\u00fablicamente los contenidos del web site solo dentro de los l\u00edmites que la ley establece al derecho de autor: para su uso privado, a modo de cita o rese\u00f1a o para trabajos sobre temas de actualidad que no tengan fines comerciales.<\/p>\n<p>Queda totalmente prohibida la introducci\u00f3n de virus o programas inform\u00e1ticos da\u00f1inos que deterioren o puedan deteriorar tanto los contenidos como el buen funcionamiento del web site o de los equipos, sistemas y programas de los usuarios del web site y de Eurosigno Patentes y Marcas.<\/p>\n<p>Queda totalmente prohibido incitar o promover la realizaci\u00f3n de actos delictivos, xen\u00f3fobos, terroristas o degradantes por raz\u00f3n de edad, sexo, religi\u00f3n o creencias, ni divulgar contenidos o servicios pornogr\u00e1ficos, obscenos, violentos o que atenten contra la ley, la moral o las buenas costumbres.<\/p>\n<p>Queda totalmente prohibido reproducir total o parcialmente en otra web la p\u00e1gina o los hiperv\u00ednculos accesibles a trav\u00e9s de la misma.<\/p>\n<p>El env\u00edo de formularios incluidos en el web site implicar\u00e1 el consentimiento expreso del usuario para que Eurosigno Patentes y Marcas haga las cesiones de los datos de car\u00e1cter personal de dicho usuario a todas las personas que sean necesarias para llevar a cabo las finalidades estad\u00edsticas, de seguridad, promocionales y\/o comerciales.<\/p>\n<p>Eurosigno Patentes y Marcas no se hace responsable de las consecuencias que del mal uso del web site se produzcan, pudiendo dirigirse contra los usuarios que, entre otros actos, causen da\u00f1os o perjuicios a terceras personas.<\/p>\n<h2>ENLACES<\/h2>\n<p>Eurosigno Patentes y Marcas puede poner a disposici\u00f3n del usuario dispositivos t\u00e9cnicos de enlace (links, banners, \u2026), directorios y herramientas de b\u00fasqueda, que permiten al usuario acceder a web sites ajenas y\/o gestionadas por terceros.<\/p>\n<p>La instalaci\u00f3n de dichos mecanismos de enlace en esta web site tiene por objeto facilitar al usuario la b\u00fasqueda y el acceso a la informaci\u00f3n disponible en Internet, entendi\u00e9ndose que no representan ning\u00fan tipo de relaci\u00f3n con Eurosigno Patentes y Marcas y la informaci\u00f3n a que se acceda a trav\u00e9s de ellos ni entre Eurosigno Patentes y Marcas y los particulares o empresas titulares de los sitios enlazados.<\/p>\n<p>Eurosigno Patentes y Marcas declina toda responsabilidad en cuanto a cualesquiera da\u00f1os y\/o perjurios que el usuario pueda sufrir a trav\u00e9s de mecanismos de enlace.<\/p>\n<h2>PRIVACIDAD<\/h2>\n<p>Hemos estructurado nuestros sitio Web de forma que, en general, pueda visitar\u00a0<a href=\"https:\/\/eurosigno.com\/en\/\">www.eurosigno.com<\/a>\u00a0sin necesidad de identificarse o revelar informaci\u00f3n personal alguna.<\/p>\n<h2>USO DE COOKIES<\/h2>\n<p>La p\u00e1gina web utiliza cookies, peque\u00f1os ficheros de datos que se generan en el ordenador del usuario y que nos permiten obtener la siguiente informaci\u00f3n:<\/p>\n<p>\u2013 La fecha y hora de la \u00faltima vez que el usuario visit\u00f3 nuestra web.<br \/>\n\u2013 Elementos de seguridad que intervienen en el control de acceso a las \u00e1reas restringidas.<\/p>\n<p>El usuario tiene la opci\u00f3n de impedir la generaci\u00f3n de cookies, mediante la selecci\u00f3n de la correspondiente opci\u00f3n en su programa navegador. Sin embargo, Eurosigno Patentes y Marcas no se responsabiliza de que la desactivaci\u00f3n de las mismas impida el buen funcionamiento de la p\u00e1gina.<\/p>\n<p><strong>EL ACCESO A ESTA WEB SITE IMPLICA LA ACEPTACI\u00d3N POR EL USUARIO DE LAS PRESENTES CONDICIONES GENERALES Y DEL CONTENIDO DE LOS AVISOS LEGALES, Y SU COMPROMISO DE RESPETARLOS.<\/strong><\/p>\n\n\t\t<\/div>\n\t<\/div>\n<\/div><\/div><\/div><\/div>","protected":false},"excerpt":{"rendered":"<p>CONDICIONES GENERALES DE ACCESO Y UTILIZACI\u00d3N DE ESTA WEB SITE Estas condiciones regulan el uso de la p\u00e1gina www.eurosigno.com que Eurosigno Patentes y Marcas, pone a disposici\u00f3n de los usuarios y visitantes de la mismas. Por favor, lea atentamente las presentes condiciones generales de acceso a este web site que Eurosigno Patentes y Marcas pone&hellip;<\/p>","protected":false},"author":2,"featured_media":0,"parent":0,"menu_order":0,"comment_status":"closed","ping_status":"closed","template":"","meta":[],"categories":[],"tags":[],"yoast_head":"<!-- This site is optimized with the Yoast SEO plugin v19.13 - https:\/\/yoast.com\/wordpress\/plugins\/seo\/ -->\n<title>Aviso legal | Eurosigno Patentes y Marcas, S.L.<\/title>\n<meta name=\"robots\" content=\"index, follow, max-snippet:-1, max-image-preview:large, max-video-preview:-1\" \/>\n<link rel=\"canonical\" href=\"https:\/\/eurosigno.com\/en\/aviso-legal\/\" \/>\n<meta property=\"og:locale\" content=\"en_GB\" \/>\n<meta property=\"og:type\" content=\"article\" \/>\n<meta property=\"og:title\" content=\"Aviso legal | Eurosigno Patentes y Marcas, S.L.\" \/>\n<meta property=\"og:url\" content=\"https:\/\/eurosigno.com\/en\/aviso-legal\/\" \/>\n<meta property=\"og:site_name\" content=\"Eurosigno Patentes y Marcas, S.L.\" \/>\n<meta property=\"article:modified_time\" content=\"2018-05-18T09:13:31+00:00\" \/>\n<meta name=\"twitter:card\" content=\"summary_large_image\" \/>\n<meta name=\"twitter:label1\" content=\"Estimated reading time\" \/>\n\t<meta name=\"twitter:data1\" content=\"7 minutes\" \/>\n<script type=\"application\/ld+json\" class=\"yoast-schema-graph\">{\"@context\":\"https:\/\/schema.org\",\"@graph\":[{\"@type\":\"WebPage\",\"@id\":\"https:\/\/eurosigno.com\/aviso-legal\/\",\"url\":\"https:\/\/eurosigno.com\/aviso-legal\/\",\"name\":\"Aviso legal | Eurosigno Patentes y Marcas, S.L.\",\"isPartOf\":{\"@id\":\"https:\/\/eurosigno.com\/#website\"},\"datePublished\":\"2018-04-26T14:22:52+00:00\",\"dateModified\":\"2018-05-18T09:13:31+00:00\",\"breadcrumb\":{\"@id\":\"https:\/\/eurosigno.com\/aviso-legal\/#breadcrumb\"},\"inLanguage\":\"en-GB\",\"potentialAction\":[{\"@type\":\"ReadAction\",\"target\":[\"https:\/\/eurosigno.com\/aviso-legal\/\"]}]},{\"@type\":\"BreadcrumbList\",\"@id\":\"https:\/\/eurosigno.com\/aviso-legal\/#breadcrumb\",\"itemListElement\":[{\"@type\":\"ListItem\",\"position\":1,\"name\":\"Home\",\"item\":\"https:\/\/eurosigno.com\/\"},{\"@type\":\"ListItem\",\"position\":2,\"name\":\"Aviso legal\"}]},{\"@type\":\"WebSite\",\"@id\":\"https:\/\/eurosigno.com\/#website\",\"url\":\"https:\/\/eurosigno.com\/\",\"name\":\"Eurosigno Patentes y Marcas, S.L.\",\"description\":\"Sitio web de Eurosigno S.L.\",\"potentialAction\":[{\"@type\":\"SearchAction\",\"target\":{\"@type\":\"EntryPoint\",\"urlTemplate\":\"https:\/\/eurosigno.com\/?s={search_term_string}\"},\"query-input\":\"required name=search_term_string\"}],\"inLanguage\":\"en-GB\"}]}<\/script>\n<!-- \/ Yoast SEO plugin. -->","yoast_head_json":{"title":"Aviso legal | Eurosigno Patentes y Marcas, S.L.","robots":{"index":"index","follow":"follow","max-snippet":"max-snippet:-1","max-image-preview":"max-image-preview:large","max-video-preview":"max-video-preview:-1"},"canonical":"https:\/\/eurosigno.com\/en\/aviso-legal\/","og_locale":"en_GB","og_type":"article","og_title":"Aviso legal | Eurosigno Patentes y Marcas, S.L.","og_url":"https:\/\/eurosigno.com\/en\/aviso-legal\/","og_site_name":"Eurosigno Patentes y Marcas, S.L.","article_modified_time":"2018-05-18T09:13:31+00:00","twitter_card":"summary_large_image","twitter_misc":{"Estimated reading time":"7 minutes"},"schema":{"@context":"https:\/\/schema.org","@graph":[{"@type":"WebPage","@id":"https:\/\/eurosigno.com\/aviso-legal\/","url":"https:\/\/eurosigno.com\/aviso-legal\/","name":"Aviso legal | Eurosigno Patentes y Marcas, S.L.","isPartOf":{"@id":"https:\/\/eurosigno.com\/#website"},"datePublished":"2018-04-26T14:22:52+00:00","dateModified":"2018-05-18T09:13:31+00:00","breadcrumb":{"@id":"https:\/\/eurosigno.com\/aviso-legal\/#breadcrumb"},"inLanguage":"en-GB","potentialAction":[{"@type":"ReadAction","target":["https:\/\/eurosigno.com\/aviso-legal\/"]}]},{"@type":"BreadcrumbList","@id":"https:\/\/eurosigno.com\/aviso-legal\/#breadcrumb","itemListElement":[{"@type":"ListItem","position":1,"name":"Home","item":"https:\/\/eurosigno.com\/"},{"@type":"ListItem","position":2,"name":"Aviso legal"}]},{"@type":"WebSite","@id":"https:\/\/eurosigno.com\/#website","url":"https:\/\/eurosigno.com\/","name":"Eurosigno Patentes y Marcas, S.L.","description":"Sitio web de Eurosigno S.L.","potentialAction":[{"@type":"SearchAction","target":{"@type":"EntryPoint","urlTemplate":"https:\/\/eurosigno.com\/?s={search_term_string}"},"query-input":"required name=search_term_string"}],"inLanguage":"en-GB"}]}},"_links":{"self":[{"href":"https:\/\/eurosigno.com\/en\/wp-json\/wp\/v2\/pages\/3418"}],"collection":[{"href":"https:\/\/eurosigno.com\/en\/wp-json\/wp\/v2\/pages"}],"about":[{"href":"https:\/\/eurosigno.com\/en\/wp-json\/wp\/v2\/types\/page"}],"author":[{"embeddable":true,"href":"https:\/\/eurosigno.com\/en\/wp-json\/wp\/v2\/users\/2"}],"replies":[{"embeddable":true,"href":"https:\/\/eurosigno.com\/en\/wp-json\/wp\/v2\/comments?post=3418"}],"version-history":[{"count":0,"href":"https:\/\/eurosigno.com\/en\/wp-json\/wp\/v2\/pages\/3418\/revisions"}],"wp:attachment":[{"href":"https:\/\/eurosigno.com\/en\/wp-json\/wp\/v2\/media?parent=3418"}],"wp:term":[{"taxonomy":"category","embeddable":true,"href":"https:\/\/eurosigno.com\/en\/wp-json\/wp\/v2\/categories?post=3418"},{"taxonomy":"post_tag","embeddable":true,"href":"https:\/\/eurosigno.com\/en\/wp-json\/wp\/v2\/tags?post=3418"}],"curies":[{"name":"wp","href":"https:\/\/api.w.org\/{rel}","templated":true}]}}